{"id":90,"date":"2019-07-10T13:55:07","date_gmt":"2019-07-10T13:55:07","guid":{"rendered":"http:\/\/osteo-bernau.de\/?page_id=90"},"modified":"2019-07-17T09:23:01","modified_gmt":"2019-07-17T09:23:01","slug":"saeuglinge-kinder-und-jugendliche","status":"publish","type":"page","link":"https:\/\/osteo-bernau.de\/?page_id=90","title":{"rendered":"S\u00e4uglinge, Kinder und Jugendliche"},"content":{"rendered":"\n<blockquote class=\"wp-block-quote is-layout-flow wp-block-quote-is-layout-flow\"><p>Ber\u00fchren hei\u00dft, einfach da zu sein, mit sanfter Aufmerksamkeit auf den Moment zu warten, bis das Gewebe zu uns spricht. <br><em>\u2013 Viola Fryman, amerikanische \u00c4rztin und Osteopathin<\/em><\/p><\/blockquote>\n\n\n\n<figure class=\"wp-block-image\"><img loading=\"lazy\" decoding=\"async\" width=\"1024\" height=\"683\" src=\"https:\/\/osteo-bernau.de\/wp-content\/uploads\/2019\/07\/ma\u0308del-cranio_shuttterstock-small-1024x683.png\" alt=\"\" class=\"wp-image-164\" srcset=\"https:\/\/osteo-bernau.de\/wp-content\/uploads\/2019\/07\/ma\u0308del-cranio_shuttterstock-small-1024x683.png 1024w, https:\/\/osteo-bernau.de\/wp-content\/uploads\/2019\/07\/ma\u0308del-cranio_shuttterstock-small-300x200.png 300w, https:\/\/osteo-bernau.de\/wp-content\/uploads\/2019\/07\/ma\u0308del-cranio_shuttterstock-small-768x512.png 768w, https:\/\/osteo-bernau.de\/wp-content\/uploads\/2019\/07\/ma\u0308del-cranio_shuttterstock-small.png 1500w\" sizes=\"auto, (max-width: 1024px) 100vw, 1024px\" \/><\/figure>\n\n\n\n<p>S\u00e4uglinge, Kinder und Jugendliche sind noch mitten in der k\u00f6rperlichen Entwicklung. In dieser Zeit hat das k\u00f6rperliche Gewebe gr\u00f6\u00dftes Potential, sich anzupassen, auszurichten, zu ver\u00e4ndern. Muskeln, Gewebe und Knochen wachsen und unterliegen dabei bestimmten Bedingungen, sich in ihrer Mobilit\u00e4t frei entfalten zu k\u00f6nnen. <em><strong>Dr. Viola Fryman DO<\/strong><\/em> (1921 &#8211; 2016), hat sich mit enormen Engagement f\u00fcr die Verbreitung und Anerkennung der <strong>Kinderosteopathie<\/strong> stark gemacht. Ihren Forschungen nach liegt bei 90% aller Geburten eine Dysfunktion im osteopathischen Sinne vor. <\/p>\n\n\n\n<p>So k\u00f6nnen beispielsweise nicht aufgel\u00f6ste Geburtstraumata im Zusammenhang mit einer sich entwickelden Skoliose stehen. Auch eine Reihe von Symptomen, mit denen Eltern mit ihren Kindern zur Osteopathie kommen, k\u00f6nnen beispielsweise auf eine Reizung nervaler Strukturen zur\u00fcckzuf\u00fchren sein: Durch ung\u00fcnstige Kompressionskr\u00e4fte unter der Geburt kann es zu einer logischen, aber im weiteren Verlauf belastenden Anpassung kommen, die sich im gesamten K\u00f6rperbild widerspiegelt und den N\u00e4hrboden f\u00fcr sp\u00e4tere Symptome bilden kann. Das Aufsp\u00fcren und Behandeln eines manchmal winzigen dysfunktionellen Bereichs kann dabei helfen, dass sich ein urpr\u00fcngliches Trauma l\u00f6st und die Weichenstellung f\u00fcr eine freie k\u00f6rperliche Entwicklung positiv ver\u00e4ndert wird.<\/p>\n","protected":false},"excerpt":{"rendered":"<p>Ber\u00fchren hei\u00dft, einfach da zu sein, mit sanfter Aufmerksamkeit auf den Moment zu warten, bis das Gewebe zu uns spricht. \u2013 Viola Fryman, amerikanische \u00c4rztin und Osteopathin S\u00e4uglinge, Kinder und Jugendliche sind noch mitten in der k\u00f6rperlichen Entwicklung. In dieser Zeit hat das k\u00f6rperliche Gewebe gr\u00f6\u00dftes Potential, sich anzupassen, auszurichten, zu ver\u00e4ndern. Muskeln, Gewebe und &hellip; <a href=\"https:\/\/osteo-bernau.de\/?page_id=90\" class=\"more-link\"><span class=\"screen-reader-text\">S\u00e4uglinge, Kinder und Jugendliche<\/span> weiterlesen<\/a><\/p>\n","protected":false},"author":1,"featured_media":0,"parent":0,"menu_order":0,"comment_status":"closed","ping_status":"closed","template":"","meta":{"footnotes":""},"class_list":["post-90","page","type-page","status-publish","hentry"],"_links":{"self":[{"href":"https:\/\/osteo-bernau.de\/index.php?rest_route=\/wp\/v2\/pages\/90","targetHints":{"allow":["GET"]}}],"collection":[{"href":"https:\/\/osteo-bernau.de\/index.php?rest_route=\/wp\/v2\/pages"}],"about":[{"href":"https:\/\/osteo-bernau.de\/index.php?rest_route=\/wp\/v2\/types\/page"}],"author":[{"embeddable":true,"href":"https:\/\/osteo-bernau.de\/index.php?rest_route=\/wp\/v2\/users\/1"}],"replies":[{"embeddable":true,"href":"https:\/\/osteo-bernau.de\/index.php?rest_route=%2Fwp%2Fv2%2Fcomments&post=90"}],"version-history":[{"count":17,"href":"https:\/\/osteo-bernau.de\/index.php?rest_route=\/wp\/v2\/pages\/90\/revisions"}],"predecessor-version":[{"id":179,"href":"https:\/\/osteo-bernau.de\/index.php?rest_route=\/wp\/v2\/pages\/90\/revisions\/179"}],"wp:attachment":[{"href":"https:\/\/osteo-bernau.de\/index.php?rest_route=%2Fwp%2Fv2%2Fmedia&parent=90"}],"curies":[{"name":"wp","href":"https:\/\/api.w.org\/{rel}","templated":true}]}}