{"id":88,"date":"2019-07-10T13:54:00","date_gmt":"2019-07-10T13:54:00","guid":{"rendered":"http:\/\/osteo-bernau.de\/?page_id=88"},"modified":"2022-09-15T11:41:03","modified_gmt":"2022-09-15T11:41:03","slug":"behandlung","status":"publish","type":"page","link":"https:\/\/osteo-bernau.de\/?page_id=88","title":{"rendered":"Behandlung"},"content":{"rendered":"\n<p>In einer ausf\u00fchrlichen Befundung ergeben sich bereits \u00fcber das <strong>Anamnesegespr\u00e4ch<\/strong> wichtige Hinweise, die f\u00fcr die sp\u00e4tere Behandlung von Bedeutung sein k\u00f6nnen und die helfen, den <strong>K\u00f6rper und seine Beschwerden in seiner Komplexit\u00e4t<\/strong> zu erfassen. Die Frage, die sich dem Therapeuten stellt lautet vereinfacht: \u201eWarum reguliert dieser K\u00f6rper so und so, was sind seine Bedingungen und (wie) kann in diesem Fall eine osteopathische Behandlung helfen, dass der K\u00f6rper wieder zur\u00fcck in sein regulatives Gleichgewicht findet, um letztlich besser mit den allt\u00e4glichen Belastungen fertig zu werden\u201c. <\/p>\n\n\n\n<figure class=\"wp-block-image\"><img loading=\"lazy\" decoding=\"async\" width=\"1024\" height=\"683\" src=\"https:\/\/osteo-bernau.de\/wp-content\/uploads\/2019\/07\/Seitlage-Schulter_shutterstock-small-1024x683.png\" alt=\"\" class=\"wp-image-162\" srcset=\"https:\/\/osteo-bernau.de\/wp-content\/uploads\/2019\/07\/Seitlage-Schulter_shutterstock-small-1024x683.png 1024w, https:\/\/osteo-bernau.de\/wp-content\/uploads\/2019\/07\/Seitlage-Schulter_shutterstock-small-300x200.png 300w, https:\/\/osteo-bernau.de\/wp-content\/uploads\/2019\/07\/Seitlage-Schulter_shutterstock-small-768x512.png 768w, https:\/\/osteo-bernau.de\/wp-content\/uploads\/2019\/07\/Seitlage-Schulter_shutterstock-small.png 1500w\" sizes=\"auto, (max-width: 1024px) 100vw, 1024px\" \/><\/figure>\n\n\n\n<p>Ein <strong>fundiertes Wissen um die Anatomie und Physiologie<\/strong> bilden in der Osteopathie die Grundvoraussetzung daf\u00fcr, das Zusammenspiel der drei Systeme &#8211; parietal, visceral, kraniosakral (siehe \u201ewas ist Osteopathie\u201c) &#8211; zu verstehen und osteopathische Ursachen-Folgeketten herauszufinden. Es wird der ganze K\u00f6rper untersucht, um diagnostische Zonen zu erkennen und mit dem Beschwerdebild in Beziehung zu setzen. Die H\u00e4nde dienen dabei dem Therapeuten als feinf\u00fchlige Instrumente und Messwerkzeuge, wobei der K\u00f6rper mit sanften, individuell abgestimmten Techniken untersucht und behandelt wird.&nbsp;<\/p>\n\n\n\n<p>Eine <strong>osteopathische Sitzung<\/strong> dauert in der Regel <strong>45 Minuten<\/strong>.<\/p>\n","protected":false},"excerpt":{"rendered":"<p>In einer ausf\u00fchrlichen Befundung ergeben sich bereits \u00fcber das Anamnesegespr\u00e4ch wichtige Hinweise, die f\u00fcr die sp\u00e4tere Behandlung von Bedeutung sein k\u00f6nnen und die helfen, den K\u00f6rper und seine Beschwerden in seiner Komplexit\u00e4t zu erfassen. Die Frage, die sich dem Therapeuten stellt lautet vereinfacht: \u201eWarum reguliert dieser K\u00f6rper so und so, was sind seine Bedingungen und &hellip; <a href=\"https:\/\/osteo-bernau.de\/?page_id=88\" class=\"more-link\"><span class=\"screen-reader-text\">Behandlung<\/span> weiterlesen<\/a><\/p>\n","protected":false},"author":1,"featured_media":0,"parent":0,"menu_order":0,"comment_status":"closed","ping_status":"closed","template":"","meta":{"footnotes":""},"class_list":["post-88","page","type-page","status-publish","hentry"],"_links":{"self":[{"href":"https:\/\/osteo-bernau.de\/index.php?rest_route=\/wp\/v2\/pages\/88","targetHints":{"allow":["GET"]}}],"collection":[{"href":"https:\/\/osteo-bernau.de\/index.php?rest_route=\/wp\/v2\/pages"}],"about":[{"href":"https:\/\/osteo-bernau.de\/index.php?rest_route=\/wp\/v2\/types\/page"}],"author":[{"embeddable":true,"href":"https:\/\/osteo-bernau.de\/index.php?rest_route=\/wp\/v2\/users\/1"}],"replies":[{"embeddable":true,"href":"https:\/\/osteo-bernau.de\/index.php?rest_route=%2Fwp%2Fv2%2Fcomments&post=88"}],"version-history":[{"count":6,"href":"https:\/\/osteo-bernau.de\/index.php?rest_route=\/wp\/v2\/pages\/88\/revisions"}],"predecessor-version":[{"id":220,"href":"https:\/\/osteo-bernau.de\/index.php?rest_route=\/wp\/v2\/pages\/88\/revisions\/220"}],"wp:attachment":[{"href":"https:\/\/osteo-bernau.de\/index.php?rest_route=%2Fwp%2Fv2%2Fmedia&parent=88"}],"curies":[{"name":"wp","href":"https:\/\/api.w.org\/{rel}","templated":true}]}}