{"id":157,"date":"2019-07-11T10:18:01","date_gmt":"2019-07-11T10:18:01","guid":{"rendered":"http:\/\/osteo-bernau.de\/?page_id=157"},"modified":"2019-07-31T10:44:44","modified_gmt":"2019-07-31T10:44:44","slug":"anwendungsgebiete","status":"publish","type":"page","link":"https:\/\/osteo-bernau.de\/?page_id=157","title":{"rendered":"Anwendungsgebiete"},"content":{"rendered":"\n<p>Mit dieser Auflistung m\u00f6chte ich Ihnen einen kleinen Einblick geben, in welchen Bereichen eine osteopathische Behandlung sinnvoll sein kann. Abh\u00e4ngig von Konsultationsgrund und Diagnose und unabh\u00e4ngig vom Alter kann die Osteopathie als begleitende Therapie Anwendung finden oder eine echte Therapiealternative bieten. Bitte lesen Sie auch <strong>Grenzen der Osteopathie<\/strong>.<\/p>\n\n\n\n<p><strong>Kopf und HNO<br><\/strong>Kopfschmerzen und Migr\u00e4ne<br>Tinnitus<br>Kieferproblematiken \/ Okklusionsst\u00f6rungen<br>Schwindelgef\u00fchl<br>chronische Nasennebenh\u00f6lenentz\u00fcndungen (Sinusitis)<br>chronische Mittelohrentz\u00fcndungen<br>Konzentrationsst\u00f6rungen<\/p>\n\n\n\n<p><strong>Bewegungsapparat:<\/strong><br>Gelenkbeschwerden und -blockaden<br>\u201eIschias\u201c, \u201eHexenschuss\u201c<br>Schleudertrauma<br>Schmerzen der Kaumuskulatur und Kieferknacken<br>Wirbels\u00e4ulenbeschwerden und Bandscheibenvorf\u00e4lle<br>Schulterprobleme<br>Verstauchungen nach Sportverletzungen und Unf\u00e4llen<\/p>\n\n\n\n<p><strong>Inneres:<\/strong><br>Atembeschwerden<br>Verwachsungen und Verklebungen (z.B. nach Operationen)<br>Organsenkungen<br>Sodbrennen<br>Verdauungsbeschwerden<br>funktionelle Herzbeschwerden<\/p>\n\n\n\n<p><\/p>\n\n\n\n<p><strong>Urogenitalbereich:<\/strong><br>Senkungsbeschwerden<br>chronische Blasenentz\u00fcndungen und Inkontinenz<br>Menstruationsbeschwerden, pr\u00e4mestruelles Syndrom (PMS)<br>Dammschnitt \/-rissnarben<br>Sitz-\/Stei\u00dfbeinschmerzen<\/p>\n\n\n\n<p><strong>Kinderheilkunde:<\/strong><br>Unruhezst\u00e4nde<br>\u00dcberstrecken<br>Schrei- und Spuckkinder<br>Schiefhals (Torticollis)<br>Sch\u00e4deldeformierungen nach Geburt (Plagiozephalien)<br> Kopfschmerzen und \u00dcbelkeit<br>Zahn-\/Kieferregulierung<br>Skoliose<br>Konzentrationsst\u00f6rungen<\/p>\n\n\n\n<p>Mit der Auflistung m\u00f6glicher Anwendungsgebiete sind keine Heilsversprechen verbunden.<\/p>\n\n\n\n<figure class=\"wp-block-image\"><img loading=\"lazy\" decoding=\"async\" width=\"1000\" height=\"665\" src=\"https:\/\/osteo-bernau.de\/wp-content\/uploads\/2019\/07\/Visceral-Frau-Blase_shutterstock.jpg\" alt=\"\" class=\"wp-image-155\" srcset=\"https:\/\/osteo-bernau.de\/wp-content\/uploads\/2019\/07\/Visceral-Frau-Blase_shutterstock.jpg 1000w, https:\/\/osteo-bernau.de\/wp-content\/uploads\/2019\/07\/Visceral-Frau-Blase_shutterstock-300x200.jpg 300w, https:\/\/osteo-bernau.de\/wp-content\/uploads\/2019\/07\/Visceral-Frau-Blase_shutterstock-768x511.jpg 768w\" sizes=\"auto, (max-width: 1000px) 100vw, 1000px\" \/><\/figure>\n\n\n\n<h1 class=\"wp-block-heading\"><strong>Grenzen der Osteopathie<\/strong><\/h1>\n\n\n\n<p>Hiermit m\u00f6chte ich Sie auf die <strong>Grenzen meiner therapeutischen Arbeit<\/strong> hinweisen:<\/p>\n\n\n\n<p>In der Osteopathie geht es darum, funktionelle St\u00f6rungen von strukturellen L\u00e4sionen zu unterscheiden. Sprechen wir von \u201efunktionell\u201c, so meinen wir, dass der K\u00f6rper \u00fcber bindegewebige Ketten Belastungen kompensieren und diese als Symptome \u00e4u\u00dfern kann, ohne dass sich ein Schaden auf struktureller Ebene einstellt. Handelt es sich allerdings um strukturelle Sch\u00e4den am Gewebe, sprich ein belastender, evtl. traumatischer Faktor war so stark, dass das Gewebe mit einer deutlichen Ver\u00e4nderung kompensieren musste, so beginnen die Grenzen der Osteopathie:<\/p>\n\n\n\n<p>Strukturelle Sch\u00e4den wie zum Beispiel Gelenkdefekte oder Organsch\u00e4den k\u00f6nnen auch durch bestes osteopathisches Tun nicht \u201erepariert\u201c werden. Hier gilt es, den Patienten aufzukl\u00e4ren. Zwar kann eine begleitende osteopathische Behandlung in vielen F\u00e4llen zur Schmerzreduktion, verbesserten Beweglichkeit und infolge dessen zu einer verbesserten Lebensqualit\u00e4t f\u00fchren, nicht jedoch kann der Strukturschaden behoben werden. Bei schweren Pathologien und Notf\u00e4llen, oder wenn sich der Verdacht erhebt, dass das geschilderte Problem eine weitere schulmedizinische Abkl\u00e4rung braucht, wird an einen Arzt zwecks weiterer Diagnostik (MRT, R\u00f6ntgen, Ultraschall,&#8230;) verwiesen.<\/p>\n","protected":false},"excerpt":{"rendered":"<p>Mit dieser Auflistung m\u00f6chte ich Ihnen einen kleinen Einblick geben, in welchen Bereichen eine osteopathische Behandlung sinnvoll sein kann. Abh\u00e4ngig von Konsultationsgrund und Diagnose und unabh\u00e4ngig vom Alter kann die Osteopathie als begleitende Therapie Anwendung finden oder eine echte Therapiealternative bieten. Bitte lesen Sie auch Grenzen der Osteopathie. Kopf und HNOKopfschmerzen und Migr\u00e4neTinnitusKieferproblematiken \/ Okklusionsst\u00f6rungenSchwindelgef\u00fchlchronische &hellip; <a href=\"https:\/\/osteo-bernau.de\/?page_id=157\" class=\"more-link\"><span class=\"screen-reader-text\">Anwendungsgebiete<\/span> weiterlesen<\/a><\/p>\n","protected":false},"author":1,"featured_media":0,"parent":0,"menu_order":0,"comment_status":"closed","ping_status":"closed","template":"","meta":{"footnotes":""},"class_list":["post-157","page","type-page","status-publish","hentry"],"_links":{"self":[{"href":"https:\/\/osteo-bernau.de\/index.php?rest_route=\/wp\/v2\/pages\/157","targetHints":{"allow":["GET"]}}],"collection":[{"href":"https:\/\/osteo-bernau.de\/index.php?rest_route=\/wp\/v2\/pages"}],"about":[{"href":"https:\/\/osteo-bernau.de\/index.php?rest_route=\/wp\/v2\/types\/page"}],"author":[{"embeddable":true,"href":"https:\/\/osteo-bernau.de\/index.php?rest_route=\/wp\/v2\/users\/1"}],"replies":[{"embeddable":true,"href":"https:\/\/osteo-bernau.de\/index.php?rest_route=%2Fwp%2Fv2%2Fcomments&post=157"}],"version-history":[{"count":8,"href":"https:\/\/osteo-bernau.de\/index.php?rest_route=\/wp\/v2\/pages\/157\/revisions"}],"predecessor-version":[{"id":200,"href":"https:\/\/osteo-bernau.de\/index.php?rest_route=\/wp\/v2\/pages\/157\/revisions\/200"}],"wp:attachment":[{"href":"https:\/\/osteo-bernau.de\/index.php?rest_route=%2Fwp%2Fv2%2Fmedia&parent=157"}],"curies":[{"name":"wp","href":"https:\/\/api.w.org\/{rel}","templated":true}]}}