{"id":110,"date":"2019-07-10T14:20:56","date_gmt":"2019-07-10T14:20:56","guid":{"rendered":"http:\/\/osteo-bernau.de\/?page_id=110"},"modified":"2021-01-15T15:09:18","modified_gmt":"2021-01-15T15:09:18","slug":"impressum","status":"publish","type":"page","link":"https:\/\/osteo-bernau.de\/?page_id=110","title":{"rendered":"Impressum"},"content":{"rendered":"\n<p><strong>Angaben gem\u00e4\u00df \u00a7 5 TMG<\/strong><\/p>\n\n\n\n<p>Praxis f\u00fcr Osteopathie<br>Jana Isler<br>Ulitzkastra\u00dfe 9<br>16321 Bernau bei Berlin<br>03338 7022773<br>Email <a href=\"mailto:isler@osteo-bernau.de\">isler@osteo-bernau.de<\/a><br><a href=\"http:\/\/www.osteopathie-bernau-bei-berlin.de\/\">www.osteo-bernau.de<\/a><\/p>\n\n\n\n<p>Die heilkundliche T\u00e4tigkeit ist von der Umsatzsteuer nach gem\u00e4\u00df \u00a7 4 Nr.14 UStG befreit.<\/p>\n\n\n\n<p>Berufsverbandsmitgliedschaft im Bundesverband Osteopathie e.V. (BVO)<\/p>\n\n\n\n<p>Die Berufsbezeichnung lautet Heilpraktiker (Deutschland). Die berufsrechtliche Regelung bildet das Gesetz \u00fcber die berufsm\u00e4\u00dfige Aus\u00fcbung der Heilkunde ohne Bestallung (Heilpraktikergesetz) vom 17.02.1939, ge\u00e4ndert durch Art. 53 des EGStGB vom 02.03.1974 (BGB1. I S. 469) und kann unter <a href=\"http:\/\/www.gesetze-iminternet.de\/\">www.gesetze-iminternet.de<\/a> unter Stichwort\/Titelsuche \u201eHeilpraktikergesetz\u201c eingesehen werden.<\/p>\n\n\n\n<p><strong>Zust\u00e4ndige Aufsichtsbeh\u00f6rde&nbsp;<\/strong><br>Gesundheitsamt Eberswalde<br>Am Markt 1<br>16225 Eberswalde<\/p>\n\n\n\n<p><strong>Berufshaftpflichtversicherung<em>&nbsp;<\/em><\/strong><\/p>\n\n\n\n<p><strong>Steuernummer<\/strong><br>065\/235\/01753<\/p>\n\n\n\n<p><strong>Haftungshinweis&nbsp;<\/strong><br>Diese Internetpr\u00e4senz dient ausschlie\u00dflich der allgemeinen Information. Sie kann und will keine gesundheitliche Beratung oder Behandlung ersetzen, da diese individuell und nach ausf\u00fchrlicher Untersuchung erfolgen m\u00fcssen. Die Inhalte dieser Website wurden sorgf\u00e4ltig gepr\u00fcft und nach bestem Wissen erstellt. Dennoch kann f\u00fcr die hier angebotenen Informationen kein Anspruch auf Vollst\u00e4ndigkeit, Aktualit\u00e4t, Qualit\u00e4t und Richtigkeit erhoben werden. Es kann dar\u00fcber hinaus keine Verantwortung f\u00fcr Sch\u00e4den \u00fcbernommen werden, die durch das Vertrauen auf die Inhalte dieser Website oder deren Gebrauch entsteht. Trotz sorgf\u00e4ltiger inhaltlicher Kontrolle vor Linksetzung \u00fcbernehmen wir keine Haftung f\u00fcr die Inhalte externer Links. F\u00fcr den Inhalt der verlinkten Seiten sind ausschlie\u00dflich deren Betreiber verantwortlich.&nbsp;<\/p>\n\n\n\n<p><strong>Grafik Design und Webdesign<\/strong><br><a href=\"http:\/\/pitchblackgraphicdesign.com\">Pitch Black Graphic Design<\/a><\/p>\n\n\n\n<p><strong>Bildnachweise<\/strong><br><a href=\"https:\/\/www.shutterstock.com\">shutterstock.com<\/a><\/p>\n\n\n\n<p><strong>Urheberrecht&nbsp;<\/strong><br>Das Urheberrecht f\u00fcr alle Inhalte dieser Website liegt bei Jana Isler.&nbsp;<\/p>\n\n\n\n<p><strong>Inhaltlich Verantwortlicher<\/strong><br>Jana Isler<br>Ulitzkasra\u00dfe 9<br>16321 Bernau<\/p>\n\n\n\n<p><strong>Datenschutz<\/strong><br><a href=\"https:\/\/osteo-bernau.de\/?page_id=108\">Datenschutzerkl\u00e4rung<\/a><\/p>\n","protected":false},"excerpt":{"rendered":"<p>Angaben gem\u00e4\u00df \u00a7 5 TMG Praxis f\u00fcr OsteopathieJana IslerUlitzkastra\u00dfe 916321 Bernau bei Berlin03338 7022773Email isler@osteo-bernau.dewww.osteo-bernau.de Die heilkundliche T\u00e4tigkeit ist von der Umsatzsteuer nach gem\u00e4\u00df \u00a7 4 Nr.14 UStG befreit. Berufsverbandsmitgliedschaft im Bundesverband Osteopathie e.V. (BVO) Die Berufsbezeichnung lautet Heilpraktiker (Deutschland). Die berufsrechtliche Regelung bildet das Gesetz \u00fcber die berufsm\u00e4\u00dfige Aus\u00fcbung der Heilkunde ohne Bestallung (Heilpraktikergesetz) &hellip; <a href=\"https:\/\/osteo-bernau.de\/?page_id=110\" class=\"more-link\"><span class=\"screen-reader-text\">Impressum<\/span> weiterlesen<\/a><\/p>\n","protected":false},"author":1,"featured_media":0,"parent":0,"menu_order":0,"comment_status":"closed","ping_status":"closed","template":"","meta":{"footnotes":""},"class_list":["post-110","page","type-page","status-publish","hentry"],"_links":{"self":[{"href":"https:\/\/osteo-bernau.de\/index.php?rest_route=\/wp\/v2\/pages\/110","targetHints":{"allow":["GET"]}}],"collection":[{"href":"https:\/\/osteo-bernau.de\/index.php?rest_route=\/wp\/v2\/pages"}],"about":[{"href":"https:\/\/osteo-bernau.de\/index.php?rest_route=\/wp\/v2\/types\/page"}],"author":[{"embeddable":true,"href":"https:\/\/osteo-bernau.de\/index.php?rest_route=\/wp\/v2\/users\/1"}],"replies":[{"embeddable":true,"href":"https:\/\/osteo-bernau.de\/index.php?rest_route=%2Fwp%2Fv2%2Fcomments&post=110"}],"version-history":[{"count":8,"href":"https:\/\/osteo-bernau.de\/index.php?rest_route=\/wp\/v2\/pages\/110\/revisions"}],"predecessor-version":[{"id":216,"href":"https:\/\/osteo-bernau.de\/index.php?rest_route=\/wp\/v2\/pages\/110\/revisions\/216"}],"wp:attachment":[{"href":"https:\/\/osteo-bernau.de\/index.php?rest_route=%2Fwp%2Fv2%2Fmedia&parent=110"}],"curies":[{"name":"wp","href":"https:\/\/api.w.org\/{rel}","templated":true}]}}