{"id":102,"date":"2019-07-10T14:04:15","date_gmt":"2019-07-10T14:04:15","guid":{"rendered":"http:\/\/osteo-bernau.de\/?page_id=102"},"modified":"2025-04-11T08:51:44","modified_gmt":"2025-04-11T08:51:44","slug":"kosten","status":"publish","type":"page","link":"https:\/\/osteo-bernau.de\/?page_id=102","title":{"rendered":"Kosten"},"content":{"rendered":"\n<p>Eine osteopathische Sitzung ist als Privatleistung anzusehen und kostet\u00a095 Euro.<\/p>\n\n\n\n<p>Bitte planen Sie eine Zeit von etwa&nbsp;45 Minuten ein und erscheinen Sie p\u00fcnktlich zum Termin.<\/p>\n\n\n\n<p>Die Abrechnung orientiert sich an der Geb\u00fchrenordnung f\u00fcr Heilpraktiker (Geb\u00fcH).<\/p>\n\n\n\n<p>Viele <strong>gesetzliche Krankenkassen<\/strong> bezuschussen seit 2012 die Osteopathie f\u00fcr Ihre Mitglieder. M\u00f6chten Sie die Kosten im Anschluss an die Behandlung \u00fcber Ihre Krankasse regulieren, ist in der Regel ein Privatrezept oder ein Empfehlungsschreiben eines Arztes n\u00f6tig. Bitte informieren Sie sich im Vorfeld \u00fcber Ihren Vertrag mit der Krankenkasse.&nbsp;<\/p>\n\n\n\n<p><strong>Selbstzahler <\/strong>und <strong>Privatversicherte<\/strong> brauchen kein Rezept vom Arzt.<\/p>\n","protected":false},"excerpt":{"rendered":"<p>Eine osteopathische Sitzung ist als Privatleistung anzusehen und kostet\u00a095 Euro. Bitte planen Sie eine Zeit von etwa&nbsp;45 Minuten ein und erscheinen Sie p\u00fcnktlich zum Termin. Die Abrechnung orientiert sich an der Geb\u00fchrenordnung f\u00fcr Heilpraktiker (Geb\u00fcH). Viele gesetzliche Krankenkassen bezuschussen seit 2012 die Osteopathie f\u00fcr Ihre Mitglieder. M\u00f6chten Sie die Kosten im Anschluss an die Behandlung &hellip; <a href=\"https:\/\/osteo-bernau.de\/?page_id=102\" class=\"more-link\"><span class=\"screen-reader-text\">Kosten<\/span> weiterlesen<\/a><\/p>\n","protected":false},"author":1,"featured_media":0,"parent":0,"menu_order":0,"comment_status":"closed","ping_status":"closed","template":"","meta":{"footnotes":""},"class_list":["post-102","page","type-page","status-publish","hentry"],"_links":{"self":[{"href":"https:\/\/osteo-bernau.de\/index.php?rest_route=\/wp\/v2\/pages\/102","targetHints":{"allow":["GET"]}}],"collection":[{"href":"https:\/\/osteo-bernau.de\/index.php?rest_route=\/wp\/v2\/pages"}],"about":[{"href":"https:\/\/osteo-bernau.de\/index.php?rest_route=\/wp\/v2\/types\/page"}],"author":[{"embeddable":true,"href":"https:\/\/osteo-bernau.de\/index.php?rest_route=\/wp\/v2\/users\/1"}],"replies":[{"embeddable":true,"href":"https:\/\/osteo-bernau.de\/index.php?rest_route=%2Fwp%2Fv2%2Fcomments&post=102"}],"version-history":[{"count":6,"href":"https:\/\/osteo-bernau.de\/index.php?rest_route=\/wp\/v2\/pages\/102\/revisions"}],"predecessor-version":[{"id":224,"href":"https:\/\/osteo-bernau.de\/index.php?rest_route=\/wp\/v2\/pages\/102\/revisions\/224"}],"wp:attachment":[{"href":"https:\/\/osteo-bernau.de\/index.php?rest_route=%2Fwp%2Fv2%2Fmedia&parent=102"}],"curies":[{"name":"wp","href":"https:\/\/api.w.org\/{rel}","templated":true}]}}